{"id":393,"date":"2024-08-20T13:37:12","date_gmt":"2024-08-20T12:37:12","guid":{"rendered":"http:\/\/warranty.ebs-inkjet.de\/?page_id=393"},"modified":"2026-04-16T09:20:28","modified_gmt":"2026-04-16T08:20:28","slug":"abfrage-seriennummern","status":"publish","type":"page","link":"https:\/\/warranty.ebs-inkjet.de\/index.php\/abfrage-seriennummern\/","title":{"rendered":"Abfrage Seriennummern"},"content":{"rendered":"\n<div class=\"wp-block-uagb-container uagb-block-494c42c4 alignfull uagb-is-root-container\"><div class=\"uagb-container-inner-blocks-wrap\">\n<div class=\"wp-block-uagb-advanced-heading uagb-block-e96b2b61\"><h1 class=\"uagb-heading-text\">abfrage seriennummer<\/h1><\/div>\n<\/div><\/div>\n\n\n\n<div class=\"wp-block-uagb-container uagb-block-8e5d9919 alignfull uagb-is-root-container\"><div class=\"uagb-container-inner-blocks-wrap\">\n<div class=\"wp-block-uagb-container uagb-block-29133eae alignfull uagb-is-root-container\"><div class=\"uagb-container-inner-blocks-wrap\"><\/div><\/div>\n\n\n\n<p>Um die verbleibende Garantiedauer f\u00fcr ein EBS-Produkt zu \u00fcberpr\u00fcfen, folge bitte diesen Schritten:<\/p>\n\n\n\n<ol class=\"wp-block-list\">\n<li><strong>Seriennummer eingeben:<\/strong>\n<ul class=\"wp-block-list\">\n<li>Gib die Seriennummer des EBS-Produkts in das daf\u00fcr vorgesehene Feld ein.<\/li>\n<\/ul>\n<\/li>\n\n\n\n<li><strong>EBS-Produkt ausw\u00e4hlen:<\/strong>\n<ul class=\"wp-block-list\">\n<li>W\u00e4hle das passende EBS-Produkt aus der Dropdown-Liste oder dem Auswahlmen\u00fc aus.<\/li>\n<\/ul>\n<\/li>\n\n\n\n<li><strong>Garantie-Status anzeigen:<\/strong>\n<ul class=\"wp-block-list\">\n<li>Sobald die Seriennummer und das EBS-Produkt \u00fcbereinstimmen, wird der Garantiestatus automatisch angezeigt.<\/li>\n\n\n\n<li>Du kannst jetzt die verbleibende Garantiedauer des Distributors sehen.<\/li>\n<\/ul>\n<\/li>\n<\/ol>\n\n\n\n<p>Solltest du Fragen haben oder Unterst\u00fctzung ben\u00f6tigen, melde dich in der IT-Abteilung.<\/p>\n\n\nYou don't have sufficient privileges to access the form\n<\/div><\/div>\n","protected":false},"excerpt":{"rendered":"<p>abfrage seriennummer Um die verbleibende Garantiedauer f\u00fcr ein EBS-Produkt zu \u00fcberpr\u00fcfen, folge bitte diesen Schritten: Solltest du Fragen haben oder [&hellip;]<\/p>\n","protected":false},"author":1,"featured_media":0,"parent":0,"menu_order":0,"comment_status":"closed","ping_status":"closed","template":"","meta":{"_uag_custom_page_level_css":"","site-sidebar-layout":"no-sidebar","site-content-layout":"","ast-site-content-layout":"full-width-container","site-content-style":"unboxed","site-sidebar-style":"default","ast-global-header-display":"","ast-banner-title-visibility":"","ast-main-header-display":"","ast-hfb-above-header-display":"","ast-hfb-below-header-display":"","ast-hfb-mobile-header-display":"","site-post-title":"disabled","ast-breadcrumbs-content":"","ast-featured-img":"","footer-sml-layout":"","ast-disable-related-posts":"","theme-transparent-header-meta":"enabled","adv-header-id-meta":"","stick-header-meta":"","header-above-stick-meta":"","header-main-stick-meta":"","header-below-stick-meta":"","astra-migrate-meta-layouts":"default","ast-page-background-enabled":"default","ast-page-background-meta":{"desktop":{"background-color":"var(--ast-global-color-5)","background-image":"","background-repeat":"repeat","background-position":"center center","background-size":"auto","background-attachment":"scroll","background-type":"","background-media":"","overlay-type":"","overlay-color":"","overlay-opacity":"","overlay-gradient":""},"tablet":{"background-color":"","background-image":"","background-repeat":"repeat","background-position":"center center","background-size":"auto","background-attachment":"scroll","background-type":"","background-media":"","overlay-type":"","overlay-color":"","overlay-opacity":"","overlay-gradient":""},"mobile":{"background-color":"","background-image":"","background-repeat":"repeat","background-position":"center center","background-size":"auto","background-attachment":"scroll","background-type":"","background-media":"","overlay-type":"","overlay-color":"","overlay-opacity":"","overlay-gradient":""}},"ast-content-background-meta":{"desktop":{"background-color":"var(--ast-global-color-4)","background-image":"","background-repeat":"repeat","background-position":"center center","background-size":"auto","background-attachment":"scroll","background-type":"","background-media":"","overlay-type":"","overlay-color":"","overlay-opacity":"","overlay-gradient":""},"tablet":{"background-color":"var(--ast-global-color-4)","background-image":"","background-repeat":"repeat","background-position":"center center","background-size":"auto","background-attachment":"scroll","background-type":"","background-media":"","overlay-type":"","overlay-color":"","overlay-opacity":"","overlay-gradient":""},"mobile":{"background-color":"var(--ast-global-color-4)","background-image":"","background-repeat":"repeat","background-position":"center center","background-size":"auto","background-attachment":"scroll","background-type":"","background-media":"","overlay-type":"","overlay-color":"","overlay-opacity":"","overlay-gradient":""}},"footnotes":""},"class_list":["post-393","page","type-page","status-publish","hentry"],"uagb_featured_image_src":{"full":false,"thumbnail":false,"medium":false,"medium_large":false,"large":false,"1536x1536":false,"2048x2048":false},"uagb_author_info":{"display_name":"admin","author_link":"https:\/\/warranty.ebs-inkjet.de\/index.php\/author\/admin\/"},"uagb_comment_info":0,"uagb_excerpt":"abfrage seriennummer Um die verbleibende Garantiedauer f\u00fcr ein EBS-Produkt zu \u00fcberpr\u00fcfen, folge bitte diesen Schritten: Solltest du Fragen haben oder [&hellip;]","_links":{"self":[{"href":"https:\/\/warranty.ebs-inkjet.de\/index.php\/wp-json\/wp\/v2\/pages\/393","targetHints":{"allow":["GET"]}}],"collection":[{"href":"https:\/\/warranty.ebs-inkjet.de\/index.php\/wp-json\/wp\/v2\/pages"}],"about":[{"href":"https:\/\/warranty.ebs-inkjet.de\/index.php\/wp-json\/wp\/v2\/types\/page"}],"author":[{"embeddable":true,"href":"https:\/\/warranty.ebs-inkjet.de\/index.php\/wp-json\/wp\/v2\/users\/1"}],"replies":[{"embeddable":true,"href":"https:\/\/warranty.ebs-inkjet.de\/index.php\/wp-json\/wp\/v2\/comments?post=393"}],"version-history":[{"count":9,"href":"https:\/\/warranty.ebs-inkjet.de\/index.php\/wp-json\/wp\/v2\/pages\/393\/revisions"}],"predecessor-version":[{"id":703,"href":"https:\/\/warranty.ebs-inkjet.de\/index.php\/wp-json\/wp\/v2\/pages\/393\/revisions\/703"}],"wp:attachment":[{"href":"https:\/\/warranty.ebs-inkjet.de\/index.php\/wp-json\/wp\/v2\/media?parent=393"}],"curies":[{"name":"wp","href":"https:\/\/api.w.org\/{rel}","templated":true}]}}